{"id":2,"date":"2016-05-10T03:48:21","date_gmt":"2016-05-10T03:48:21","guid":{"rendered":"http:\/\/textservice-stein.de\/?page_id=2"},"modified":"2018-10-30T10:09:02","modified_gmt":"2018-10-30T10:09:02","slug":"sample-page","status":"publish","type":"page","link":"https:\/\/textservice-stein.de\/?page_id=2","title":{"rendered":"Willkommen"},"content":{"rendered":"<p>Herzlich willkommen!<\/p>\n<p>Ma\u00dfgeschneiderte Texte, Lektorat, Korrektorat, Redaktion, Gestaltung, Druckerzeugnisse. Dies alles erhalten Sie bei mir aus einer Hand. Was ich genau f\u00fcr Sie tun kann, erfahren Sie beim St\u00f6bern auf meiner Website. Oder am besten gleich im pers\u00f6nlichen Gespr\u00e4ch. Ich freue mich auf Sie!<\/p>\n","protected":false},"excerpt":{"rendered":"<p>Herzlich willkommen! Ma\u00dfgeschneiderte Texte, Lektorat, Korrektorat, Redaktion, Gestaltung, Druckerzeugnisse. Dies alles erhalten Sie bei mir aus einer Hand. Was ich genau f\u00fcr Sie tun kann, erfahren Sie beim St\u00f6bern auf meiner Website. Oder am besten gleich im pers\u00f6nlichen Gespr\u00e4ch. Ich freue mich auf Sie!<\/p>\n<p> <a class=\"continue-reading-link\" href=\"https:\/\/textservice-stein.de\/?page_id=2\"><span>hier weiterlesen<\/span><i class=\"crycon-right-dir\"><\/i><\/a> <\/p>\n","protected":false},"author":1,"featured_media":0,"parent":0,"menu_order":0,"comment_status":"closed","ping_status":"closed","template":"","meta":[],"_links":{"self":[{"href":"https:\/\/textservice-stein.de\/index.php?rest_route=\/wp\/v2\/pages\/2"}],"collection":[{"href":"https:\/\/textservice-stein.de\/index.php?rest_route=\/wp\/v2\/pages"}],"about":[{"href":"https:\/\/textservice-stein.de\/index.php?rest_route=\/wp\/v2\/types\/page"}],"author":[{"embeddable":true,"href":"https:\/\/textservice-stein.de\/index.php?rest_route=\/wp\/v2\/users\/1"}],"replies":[{"embeddable":true,"href":"https:\/\/textservice-stein.de\/index.php?rest_route=%2Fwp%2Fv2%2Fcomments&post=2"}],"version-history":[{"count":6,"href":"https:\/\/textservice-stein.de\/index.php?rest_route=\/wp\/v2\/pages\/2\/revisions"}],"predecessor-version":[{"id":62,"href":"https:\/\/textservice-stein.de\/index.php?rest_route=\/wp\/v2\/pages\/2\/revisions\/62"}],"wp:attachment":[{"href":"https:\/\/textservice-stein.de\/index.php?rest_route=%2Fwp%2Fv2%2Fmedia&parent=2"}],"curies":[{"name":"wp","href":"https:\/\/api.w.org\/{rel}","templated":true}]}}